{"id":117,"date":"2023-07-13T14:24:51","date_gmt":"2023-07-13T12:24:51","guid":{"rendered":"http:\/\/klimaneutralbauen.de\/?page_id=117"},"modified":"2023-08-14T14:33:34","modified_gmt":"2023-08-14T12:33:34","slug":"nachhaltigkeit","status":"publish","type":"page","link":"https:\/\/klimaneutralbauen.de\/?page_id=117","title":{"rendered":"Nachhaltigkeit"},"content":{"rendered":"<div data-colibri-id=\"117-c1\" class=\"style-417 style-local-117-c1 position-relative\">\n  <!---->\n  <div data-colibri-component=\"section\" data-colibri-id=\"117-c2\" id=\"custom\" class=\"h-section h-section-global-spacing d-flex align-items-lg-center align-items-md-center align-items-center style-418 style-local-117-c2 position-relative\">\n    <!---->\n    <!---->\n    <div class=\"h-section-grid-container h-section-boxed-container\">\n      <!---->\n      <div data-colibri-id=\"117-c3\" class=\"h-row-container gutters-row-lg-2 gutters-row-md-2 gutters-row-0 gutters-row-v-lg-2 gutters-row-v-md-2 gutters-row-v-2 style-419 style-local-117-c3 position-relative\">\n        <!---->\n        <div class=\"h-row justify-content-lg-center justify-content-md-center justify-content-center align-items-lg-stretch align-items-md-stretch align-items-stretch gutters-col-lg-2 gutters-col-md-2 gutters-col-0 gutters-col-v-lg-2 gutters-col-v-md-2 gutters-col-v-2\">\n          <!---->\n          <div class=\"h-column h-column-container d-flex h-col-lg-auto h-col-md-auto h-col-auto style-420-outer style-local-117-c4-outer\">\n            <div data-colibri-id=\"117-c4\" class=\"d-flex h-flex-basis h-column__inner h-px-lg-2 h-px-md-2 h-px-2 v-inner-lg-2 v-inner-md-2 v-inner-2 style-420 style-local-117-c4 position-relative\">\n              <!---->\n              <!---->\n              <div class=\"w-100 h-y-container h-column__content h-column__v-align flex-basis-100 align-self-lg-start align-self-md-start align-self-start\">\n                <!---->\n                <div data-colibri-id=\"117-c5\" class=\"h-text h-text-component style-421 style-local-117-c5 position-relative h-element\">\n                  <!---->\n                  <!---->\n                  <div class=\"\">\n                    <h4><span style=\"color: rgb(2, 87, 23);\">\u00d6kologisch Bauen mit Holz &#8211; f\u00fcr uns und unsere Umwelt!<\/span><\/h4>\n                    <p>Aus mehreren Gr\u00fcnden ist das zukunftweisende Baumaterial Holz ohne Zweifel unschlagbar, bez\u00fcglich Nachhaltigkeit und CO\n                      <sub style=\"color: rgb(70, 112, 127); font-family: &quot;Open Sans&quot;; font-size: 13.3333px; font-weight: 400;\">2<\/sub>Einsparung.<\/p>\n                    <p><strong style=\"font-weight: 700; color: rgb(2, 87, 23);\">Erneuerbarkeit <\/strong>Holz ist ein nachwachsender Rohstoff!<\/p>\n                    <p><strong style=\"color: rgb(2, 87, 23); font-weight: 700;\">Nachhaltigkeit&nbsp;<\/strong>Durch eine nachhaltige Forstwirtschaft kann Holz kontinuierlich nachgep\ufb02anzt und geerntet werden. Dadurch tr\u00e4gt Holz zum Klimaschutz bei, da es als\n                      Kohlensto\ufb00senker fungiert und den Treibhausffekt reduziert<\/p>\n                    <p><strong style=\"color: rgb(2, 87, 23); font-weight: 700;\">Energieffizienz&nbsp;<\/strong><\/p>\n                    <p>Holz ist ein leichtes und gut isolierendes Material. Dadurch erm\u00f6glicht es eine effiziente W\u00e4rmed\u00e4mmung und senkt den Energiebedarf f\u00fcr Heizung und K\u00fchlung von Geb\u00e4uden. Dies f\u00fchrt zu einer Reduzierung des Energieverbrauchs und damit\n                      der C0\n                      <sub style=\"font-weight: 400; font-size: 13.3333px; font-family: &quot;Open Sans&quot;; color: rgb(70, 112, 127);\">2<\/sub>-Emissionen.<\/p>\n                    <p><strong style=\"color: rgb(2, 87, 23); font-weight: 700;\">Kreislaufwirtschaft<\/strong><\/p>\n                    <p>Holz kann recycelt und wiederverwendet werden. Alte Holzbauteile k\u00f6nnen zu neuen Produkten verarbeitet werden.<\/p>\n                    <p><strong style=\"color: rgb(2, 87, 23); font-weight: 700;\">Geringer Energieaufwand bei der Herstellung<\/strong><\/p>\n                    <p>Im Vergleich zu anderen Bausto\ufb00en wie Beton oder Stahl erfordert die Herstellung von Holzprodukten weniger Energie und verursacht weniger C0\n                      <sub style=\"font-weight: 400; font-size: 13.3333px; font-family: &quot;Open Sans&quot;; color: rgb(70, 112, 127);\">2<\/sub>-Emissionen.<\/p>\n                    <p><strong style=\"color: rgb(2, 87, 23); font-weight: 700;\">\u00c4sthetik und Wohlbefinden<\/strong><\/p>\n                    <p>Holz schafft eine nat\u00fcrliche Atmosph\u00e4re in R\u00e4umen. Der Einsatz von Holz im Bau kann das Wohlbefinden der Bewohner steigern und zu einer h\u00f6heren Lebensqualit\u00e4t beitragen.<\/p>\n                    <p>\n                      <br>\n                    <\/p>\n                  <\/div>\n                <\/div>\n              <\/div>\n            <\/div>\n          <\/div>\n        <\/div>\n      <\/div>\n    <\/div>\n  <\/div>\n  <div data-colibri-component=\"section\" data-colibri-id=\"117-c6\" id=\"custom-2\" class=\"h-section h-section-global-spacing d-flex align-items-lg-center align-items-md-center align-items-center style-427 style-local-117-c6 position-relative\">\n    <!---->\n    <!---->\n    <div class=\"h-section-grid-container h-section-boxed-container\">\n      <!---->\n      <div data-colibri-id=\"117-c7\" class=\"h-row-container gutters-row-lg-2 gutters-row-md-2 gutters-row-0 gutters-row-v-lg-2 gutters-row-v-md-2 gutters-row-v-2 style-428 style-local-117-c7 position-relative\">\n        <!---->\n        <div class=\"h-row justify-content-lg-center justify-content-md-center justify-content-center align-items-lg-stretch align-items-md-stretch align-items-stretch gutters-col-lg-2 gutters-col-md-2 gutters-col-0 gutters-col-v-lg-2 gutters-col-v-md-2 gutters-col-v-2\">\n          <!---->\n          <div class=\"h-column h-column-container d-flex h-col-lg-auto h-col-md-auto h-col-auto style-429-outer style-local-117-c8-outer\">\n            <div data-colibri-id=\"117-c8\" class=\"d-flex h-flex-basis h-column__inner h-px-lg-2 h-px-md-2 h-px-2 v-inner-lg-2 v-inner-md-2 v-inner-2 style-429 style-local-117-c8 position-relative\">\n              <!---->\n              <!---->\n              <div class=\"w-100 h-y-container h-column__content h-column__v-align flex-basis-100 align-self-lg-start align-self-md-start align-self-start\">\n                <!---->\n                <div data-colibri-id=\"117-c9\" class=\"h-text h-text-component style-430 style-local-117-c9 position-relative h-element\">\n                  <!---->\n                  <!---->\n                  <div class=\"\">\n                    <h2><strong style=\"font-weight: 300; font-family: &quot;Open Sans&quot;;\">Klimapolitische Aspekte beim Bauen mit Holz<\/strong><\/h2>\n                  <\/div>\n                <\/div>\n              <\/div>\n            <\/div>\n          <\/div>\n        <\/div>\n      <\/div>\n    <\/div>\n  <\/div>\n  <div data-colibri-component=\"section\" data-colibri-id=\"117-c10\" id=\"custom-3\" class=\"h-section h-section-global-spacing d-flex align-items-lg-center align-items-md-center align-items-center style-431 style-local-117-c10 position-relative\">\n    <!---->\n    <!---->\n    <div class=\"h-section-grid-container h-section-boxed-container\">\n      <!---->\n      <div data-colibri-id=\"117-c11\" class=\"h-row-container gutters-row-lg-2 gutters-row-md-2 gutters-row-0 gutters-row-v-lg-2 gutters-row-v-md-2 gutters-row-v-2 style-432 style-local-117-c11 position-relative\">\n        <!---->\n        <div class=\"h-row justify-content-lg-center justify-content-md-center justify-content-center align-items-lg-stretch align-items-md-stretch align-items-stretch gutters-col-lg-2 gutters-col-md-2 gutters-col-0 gutters-col-v-lg-2 gutters-col-v-md-2 gutters-col-v-2\">\n          <!---->\n          <div class=\"h-column h-column-container d-flex h-col-lg-auto h-col-md-auto h-col-auto style-433-outer style-local-117-c12-outer\">\n            <div data-colibri-id=\"117-c12\" class=\"d-flex h-flex-basis h-column__inner h-px-lg-2 h-px-md-2 h-px-2 v-inner-lg-2 v-inner-md-2 v-inner-2 style-433 style-local-117-c12 position-relative\">\n              <!---->\n              <!---->\n              <div class=\"w-100 h-y-container h-column__content h-column__v-align flex-basis-100 align-self-lg-start align-self-md-start align-self-start\">\n                <!---->\n                <div data-colibri-id=\"117-c13\" class=\"d-block style-437 style-local-117-c13 position-relative h-element\">\n                  <!---->\n                  <div class=\"h-image__frame-container-outer\">\n                    <div class=\"h-image__frame-container\">\n                      <!---->\n                      <!---->\n                      <img decoding=\"async\" loading=\"lazy\" width=\"3413\" height=\"2020\" src=\"http:\/\/klimaneutralbauen.de\/wp-content\/uploads\/2023\/08\/nachhaltigkeit2.png\" class=\"wp-image-502 style-437-image style-local-117-c13-image\" srcset=\"https:\/\/klimaneutralbauen.de\/wp-content\/uploads\/2023\/08\/nachhaltigkeit2.png 3413w, https:\/\/klimaneutralbauen.de\/wp-content\/uploads\/2023\/08\/nachhaltigkeit2-300x178.png 300w, https:\/\/klimaneutralbauen.de\/wp-content\/uploads\/2023\/08\/nachhaltigkeit2-1024x606.png 1024w, https:\/\/klimaneutralbauen.de\/wp-content\/uploads\/2023\/08\/nachhaltigkeit2-768x455.png 768w, https:\/\/klimaneutralbauen.de\/wp-content\/uploads\/2023\/08\/nachhaltigkeit2-1536x909.png 1536w, https:\/\/klimaneutralbauen.de\/wp-content\/uploads\/2023\/08\/nachhaltigkeit2-2048x1212.png 2048w\" sizes=\"(max-width: 3413px) 100vw, 3413px\" alt=\"\" \/>\n                      <div class=\"h-image__frame h-hide-lg h-hide-md h-hide-sm style-437-frameImage style-local-117-c13-frameImage\"><\/div>\n                    <\/div>\n                  <\/div>\n                <\/div>\n              <\/div>\n            <\/div>\n          <\/div>\n        <\/div>\n      <\/div>\n    <\/div>\n  <\/div>\n<\/div>","protected":false},"excerpt":{"rendered":"<p>\u00d6kologisch Bauen mit Holz &#8211; f\u00fcr uns und unsere Umwelt! Aus mehreren Gr\u00fcnden ist das zukunftweisende Baumaterial Holz ohne Zweifel unschlagbar, bez\u00fcglich Nachhaltigkeit und CO 2Einsparung. Erneuerbarkeit Holz ist ein nachwachsender Rohstoff! Nachhaltigkeit&nbsp;Durch eine nachhaltige Forstwirtschaft kann Holz kontinuierlich nachgep\ufb02anzt und geerntet werden. Dadurch tr\u00e4gt Holz zum Klimaschutz bei, da es als Kohlensto\ufb00senker fungiert und [&hellip;]<\/p>\n","protected":false},"author":1,"featured_media":0,"parent":0,"menu_order":0,"comment_status":"closed","ping_status":"closed","template":"page-templates\/full-width-page.php","meta":[],"_links":{"self":[{"href":"https:\/\/klimaneutralbauen.de\/index.php?rest_route=\/wp\/v2\/pages\/117"}],"collection":[{"href":"https:\/\/klimaneutralbauen.de\/index.php?rest_route=\/wp\/v2\/pages"}],"about":[{"href":"https:\/\/klimaneutralbauen.de\/index.php?rest_route=\/wp\/v2\/types\/page"}],"author":[{"embeddable":true,"href":"https:\/\/klimaneutralbauen.de\/index.php?rest_route=\/wp\/v2\/users\/1"}],"replies":[{"embeddable":true,"href":"https:\/\/klimaneutralbauen.de\/index.php?rest_route=%2Fwp%2Fv2%2Fcomments&post=117"}],"version-history":[{"count":7,"href":"https:\/\/klimaneutralbauen.de\/index.php?rest_route=\/wp\/v2\/pages\/117\/revisions"}],"predecessor-version":[{"id":555,"href":"https:\/\/klimaneutralbauen.de\/index.php?rest_route=\/wp\/v2\/pages\/117\/revisions\/555"}],"wp:attachment":[{"href":"https:\/\/klimaneutralbauen.de\/index.php?rest_route=%2Fwp%2Fv2%2Fmedia&parent=117"}],"curies":[{"name":"wp","href":"https:\/\/api.w.org\/{rel}","templated":true}]}}